{"id":1939,"date":"2024-04-29T11:46:27","date_gmt":"2024-04-29T11:46:27","guid":{"rendered":"https:\/\/whiteirisksa.com\/?post_type=product&#038;p=1939"},"modified":"2024-07-28T16:43:25","modified_gmt":"2024-07-28T16:43:25","slug":"mlhp312d","status":"publish","type":"product","link":"https:\/\/whiteirisksa.com\/ar\/product\/mlhp312d\/","title":{"rendered":"MLHP312D"},"content":{"rendered":"","protected":false},"excerpt":{"rendered":"<table border=\"1\" width=\"100%\">\n<tbody>\n<tr>\n<td>System type: 4-unit 3-way linear array<\/td>\n<\/tr>\n<tr>\n<td>Rated Power: 900W (LF: 350W*2\uff0cMHF: 200W) Program Power: 1800W (LF: 700W*2\uff0cMHF: 400W) Peak Power: 3600W (LF: 1400W*2\uff0cMHF: 800W) \uf06c Impedance: 4\u03a9 (LF: 4\u03a9\uff0cMHF: 8\u03a9)<\/td>\n<\/tr>\n<tr>\n<td>Sensitivity (1W@1m): 99 dB (LF: 99dB, MHF: 102dB) \uf06c Max. SPL (Pmax@1m): 128dB@800W, 134dB@3600W LF: 127dB@700W, 133dB@1400W MHF: 125dB@200W, 131dB@800W<\/td>\n<\/tr>\n<tr>\n<td>Frequency Bandwidth: 58Hz-18.5KHz (LF: 58Hz-4KHz\uff1bMHF: 550Hz-18.5KHz) \uf06c Coverage (-6dB): Horizontal: 70\u00b0\/110\u00b0 symmetry or 90\u00b0 asymmetry Vertical: Varies according to the number and curvature of the array<\/td>\n<\/tr>\n<tr>\n<td>Hanging Installation: 3 points hanging+ M10 pins \uf06c Hanging Angle Adjustment: angle adjustment 2\u00b0~10\u00b0, unit angle adjustment 1\u00b0 \uf06c Recommended Array Quantity: \u22654 pieces \uf06c Rated Parallel: 4\u03a9 for 1 piece, parallel connection is not recommended \uf06c Transducer Configuration: neodymium low frequency driver 12\u2033 (3\u2033 voice coil 74 magnet)\u00d72 coaxial neodymium medium and high frequency driver (1.7\u2033 HF +3.5&#8243; MF +1.5&#8243; throat)\u00d71<\/td>\n<\/tr>\n<tr>\n<td>Crossover Mode: internal and external frequency internal: 3 ways external: 2 ways (MF and HF with internal crossover, one way output) \uf06c Connector: SPEAKON NL4\u00d72 internal: PIN1+=POS. PIN1-=NEG\uff1bPIN2+\/2-=N.C external: PIN1+\/1-=LF. PIN2+\/2-=MHF) \uf06c Cabinet Material: 25mm (1\u2033)+18mm (0.7\u2033) plywood \uf06c Color: Polyurea black finish, other colors can be customized \uf06c Cabinet handle: 4 handles design (one nylon handle on right and left side, two aluminum handles on the back) \uf06c Cabinet Dimension (H\u00d7W\u00d7D): 856mm\u00d7508mm\u00d7362mm \uf06c Weight: 43.8 kg \/ 48.6 kg \uf06c Reference Application Field: Suitable for lecture hall, multi-function hall, theater, auditorium, small flowing performance<\/p>\n<p>&nbsp;<\/p>\n<p>&nbsp;<\/td>\n<\/tr>\n<\/tbody>\n<\/table>","protected":false},"featured_media":1940,"comment_status":"open","ping_status":"closed","template":"","meta":{"_acf_changed":false},"pwb-brand":[96],"product_brand":[],"product_cat":[47],"product_tag":[62,75],"class_list":{"0":"post-1939","1":"product","2":"type-product","3":"status-publish","4":"has-post-thumbnail","6":"pwb-brand-motivity","7":"product_cat-linearray","8":"product_tag-brand-motivity","9":"product_tag-mlhp312d","11":"first","12":"instock","13":"sale","14":"shipping-taxable","15":"purchasable","16":"product-type-simple"},"acf":[],"brands":[{"id":96,"name":"Motivity","slug":"motivity"}],"_links":{"self":[{"href":"https:\/\/whiteirisksa.com\/ar\/wp-json\/wp\/v2\/product\/1939","targetHints":{"allow":["GET"]}}],"collection":[{"href":"https:\/\/whiteirisksa.com\/ar\/wp-json\/wp\/v2\/product"}],"about":[{"href":"https:\/\/whiteirisksa.com\/ar\/wp-json\/wp\/v2\/types\/product"}],"replies":[{"embeddable":true,"href":"https:\/\/whiteirisksa.com\/ar\/wp-json\/wp\/v2\/comments?post=1939"}],"version-history":[{"count":0,"href":"https:\/\/whiteirisksa.com\/ar\/wp-json\/wp\/v2\/product\/1939\/revisions"}],"wp:featuredmedia":[{"embeddable":true,"href":"https:\/\/whiteirisksa.com\/ar\/wp-json\/wp\/v2\/media\/1940"}],"wp:attachment":[{"href":"https:\/\/whiteirisksa.com\/ar\/wp-json\/wp\/v2\/media?parent=1939"}],"wp:term":[{"taxonomy":"pwb-brand","embeddable":true,"href":"https:\/\/whiteirisksa.com\/ar\/wp-json\/wp\/v2\/pwb-brand?post=1939"},{"taxonomy":"product_brand","embeddable":true,"href":"https:\/\/whiteirisksa.com\/ar\/wp-json\/wp\/v2\/product_brand?post=1939"},{"taxonomy":"product_cat","embeddable":true,"href":"https:\/\/whiteirisksa.com\/ar\/wp-json\/wp\/v2\/product_cat?post=1939"},{"taxonomy":"product_tag","embeddable":true,"href":"https:\/\/whiteirisksa.com\/ar\/wp-json\/wp\/v2\/product_tag?post=1939"}],"curies":[{"name":"wp","href":"https:\/\/api.w.org\/{rel}","templated":true}]}}